{"id":8,"date":"2014-02-09T10:29:40","date_gmt":"2014-02-09T10:29:40","guid":{"rendered":"http:\/\/praxis-wolfganghaas.de\/?page_id=8"},"modified":"2022-08-07T14:23:26","modified_gmt":"2022-08-07T14:23:26","slug":"praxis","status":"publish","type":"page","link":"https:\/\/praxis-wolfganghaas.de\/?page_id=8","title":{"rendered":"Meine Praxisschwerpunkte"},"content":{"rendered":"\t\t<div data-elementor-type=\"wp-page\" data-elementor-id=\"8\" class=\"elementor elementor-8\">\n\t\t\t\t\t\t<section class=\"elementor-section elementor-top-section elementor-element elementor-element-bdd4945 elementor-section-content-middle elementor-section-boxed elementor-section-height-default elementor-section-height-default\" data-id=\"bdd4945\" data-element_type=\"section\" data-settings=\"{&quot;background_background&quot;:&quot;classic&quot;}\">\n\t\t\t\t\t\t\t<div class=\"elementor-background-overlay\"><\/div>\n\t\t\t\t\t\t\t<div class=\"elementor-container elementor-column-gap-no\">\n\t\t\t\t\t<div class=\"elementor-column elementor-col-100 elementor-top-column elementor-element elementor-element-9f908ac\" data-id=\"9f908ac\" data-element_type=\"column\">\n\t\t\t<div class=\"elementor-widget-wrap elementor-element-populated\">\n\t\t\t\t\t\t<div class=\"elementor-element elementor-element-1ceb0d5 elementor-widget elementor-widget-heading\" data-id=\"1ceb0d5\" data-element_type=\"widget\" data-widget_type=\"heading.default\">\n\t\t\t\t<div class=\"elementor-widget-container\">\n\t\t\t<h2 class=\"elementor-heading-title elementor-size-default\">Meine Praxisschwerpunkte<\/h2>\t\t<\/div>\n\t\t\t\t<\/div>\n\t\t\t\t\t<\/div>\n\t\t<\/div>\n\t\t\t\t\t<\/div>\n\t\t<\/section>\n\t\t\t\t<section class=\"elementor-section elementor-top-section elementor-element elementor-element-giyrlyt elementor-section-content-top elementor-section-boxed elementor-section-height-default elementor-section-height-default\" data-id=\"giyrlyt\" data-element_type=\"section\" data-settings=\"{&quot;background_background&quot;:&quot;classic&quot;}\">\n\t\t\t\t\t\t\t<div class=\"elementor-background-overlay\"><\/div>\n\t\t\t\t\t\t\t<div class=\"elementor-container elementor-column-gap-no\">\n\t\t\t\t\t<nav class=\"elementor-column elementor-col-100 elementor-top-column elementor-element elementor-element-36e7ccd\" data-id=\"36e7ccd\" data-element_type=\"column\">\n\t\t\t<div class=\"elementor-widget-wrap elementor-element-populated\">\n\t\t\t\t\t\t<div class=\"elementor-element elementor-element-e729a4a elementor-widget elementor-widget-heading\" data-id=\"e729a4a\" data-element_type=\"widget\" data-widget_type=\"heading.default\">\n\t\t\t\t<div class=\"elementor-widget-container\">\n\t\t\t<h5 class=\"elementor-heading-title elementor-size-default\">Meine Spezialisierung auf bestimmte Fachgebiete, sowie meine jahrzehntelangen Erfahrungen damit, erm\u00f6glichen es mir, ein individuell gestaltetes,  hochqualitatives Leistungsspektrum anbieten zu k\u00f6nnen.<\/h5>\t\t<\/div>\n\t\t\t\t<\/div>\n\t\t\t\t<div class=\"elementor-element elementor-element-b09832d elementor-widget elementor-widget-heading\" data-id=\"b09832d\" data-element_type=\"widget\" data-widget_type=\"heading.default\">\n\t\t\t\t<div class=\"elementor-widget-container\">\n\t\t\t<h5 class=\"elementor-heading-title elementor-size-default\">Selbstverst\u00e4ndlich wende ich mich meinen Patienten mit ausreichend Zeit f\u00fcr ihre pers\u00f6nlichen Bed\u00fcrfnisse und Fragen zu, und gehe auf ihre W\u00fcnsche ein. Die individuell erstellten Behandlungspl\u00e4ne sind naturheilkundlich orientiert und wissenschaftlich fundiert.   <\/h5>\t\t<\/div>\n\t\t\t\t<\/div>\n\t\t\t\t<div class=\"elementor-element elementor-element-ca7e42c elementor-widget elementor-widget-heading\" data-id=\"ca7e42c\" data-element_type=\"widget\" data-widget_type=\"heading.default\">\n\t\t\t\t<div class=\"elementor-widget-container\">\n\t\t\t<h5 class=\"elementor-heading-title elementor-size-default\">Ich verstehe meine Arbeit insbesondere auch darin, den gesundheitlich Rat-Suchenden ganzheitliche L\u00f6sungen aufzuzeigen, die sie mit meiner Begleitung auch selbst gehen k\u00f6nnen.  <\/h5>\t\t<\/div>\n\t\t\t\t<\/div>\n\t\t\t\t\t<\/div>\n\t\t<\/nav>\n\t\t\t\t\t<\/div>\n\t\t<\/section>\n\t\t\t\t<section class=\"elementor-section elementor-top-section elementor-element elementor-element-3994c995 elementor-section-content-middle elementor-reverse-mobile elementor-section-boxed elementor-section-height-default elementor-section-height-default\" data-id=\"3994c995\" data-element_type=\"section\">\n\t\t\t\t\t\t<div class=\"elementor-container elementor-column-gap-no\">\n\t\t\t\t\t<div class=\"elementor-column elementor-col-50 elementor-top-column elementor-element elementor-element-560f5bad\" data-id=\"560f5bad\" data-element_type=\"column\">\n\t\t\t<div class=\"elementor-widget-wrap elementor-element-populated\">\n\t\t\t\t\t\t<div class=\"elementor-element elementor-element-31deb8 elementor-widget elementor-widget-heading\" data-id=\"31deb8\" data-element_type=\"widget\" data-widget_type=\"heading.default\">\n\t\t\t\t<div class=\"elementor-widget-container\">\n\t\t\t<h4 class=\"elementor-heading-title elementor-size-default\">Bauch, Magen<br>  &amp; Darm<\/h4>\t\t<\/div>\n\t\t\t\t<\/div>\n\t\t\t\t<div class=\"elementor-element elementor-element-554c5313 elementor-align-right elementor-widget elementor-widget-button\" data-id=\"554c5313\" data-element_type=\"widget\" data-widget_type=\"button.default\">\n\t\t\t\t<div class=\"elementor-widget-container\">\n\t\t\t\t\t<div class=\"elementor-button-wrapper\">\n\t\t\t<a class=\"elementor-button elementor-button-link elementor-size-sm elementor-animation-grow\" href=\"https:\/\/praxis-wolfganghaas.de\/?page_id=119\">\n\t\t\t\t\t\t<span class=\"elementor-button-content-wrapper\">\n\t\t\t\t\t\t\t\t\t<span class=\"elementor-button-text\">Hier klicken<\/span>\n\t\t\t\t\t<\/span>\n\t\t\t\t\t<\/a>\n\t\t<\/div>\n\t\t\t\t<\/div>\n\t\t\t\t<\/div>\n\t\t\t\t\t<\/div>\n\t\t<\/div>\n\t\t\t\t<div class=\"elementor-column elementor-col-50 elementor-top-column elementor-element elementor-element-3011bfef\" data-id=\"3011bfef\" data-element_type=\"column\">\n\t\t\t<div class=\"elementor-widget-wrap elementor-element-populated\">\n\t\t\t\t\t\t<div class=\"elementor-element elementor-element-6ea94128 elementor-widget elementor-widget-image\" data-id=\"6ea94128\" data-element_type=\"widget\" data-widget_type=\"image.default\">\n\t\t\t\t<div class=\"elementor-widget-container\">\n\t\t\t\t\t\t\t\t\t\t\t\t\t<img fetchpriority=\"high\" width=\"300\" height=\"186\" src=\"https:\/\/praxis-wolfganghaas.de\/wp-content\/uploads\/2020\/01\/wos-bauch-design-1-300x186.jpg\" class=\"attachment-medium size-medium wp-image-1856\" alt=\"\" srcset=\"https:\/\/praxis-wolfganghaas.de\/wp-content\/uploads\/2020\/01\/wos-bauch-design-1-300x186.jpg 300w, https:\/\/praxis-wolfganghaas.de\/wp-content\/uploads\/2020\/01\/wos-bauch-design-1-768x477.jpg 768w, https:\/\/praxis-wolfganghaas.de\/wp-content\/uploads\/2020\/01\/wos-bauch-design-1-1024x636.jpg 1024w, https:\/\/praxis-wolfganghaas.de\/wp-content\/uploads\/2020\/01\/wos-bauch-design-1.jpg 1700w\" sizes=\"(max-width: 300px) 100vw, 300px\" \/>\t\t\t\t\t\t\t\t\t\t\t\t\t<\/div>\n\t\t\t\t<\/div>\n\t\t\t\t\t<\/div>\n\t\t<\/div>\n\t\t\t\t\t<\/div>\n\t\t<\/section>\n\t\t\t\t<section class=\"elementor-section elementor-top-section elementor-element elementor-element-e5d8798 elementor-section-content-middle elementor-reverse-mobile elementor-section-boxed elementor-section-height-default elementor-section-height-default\" data-id=\"e5d8798\" data-element_type=\"section\">\n\t\t\t\t\t\t<div class=\"elementor-container elementor-column-gap-no\">\n\t\t\t\t\t<div class=\"elementor-column elementor-col-50 elementor-top-column elementor-element elementor-element-2edb0f8\" data-id=\"2edb0f8\" data-element_type=\"column\">\n\t\t\t<div class=\"elementor-widget-wrap elementor-element-populated\">\n\t\t\t\t\t\t<div class=\"elementor-element elementor-element-05d7902 elementor-widget elementor-widget-heading\" data-id=\"05d7902\" data-element_type=\"widget\" data-widget_type=\"heading.default\">\n\t\t\t\t<div class=\"elementor-widget-container\">\n\t\t\t<h4 class=\"elementor-heading-title elementor-size-default\">Stoffwechsel &amp; Ern\u00e4hrungsmedizin<\/h4>\t\t<\/div>\n\t\t\t\t<\/div>\n\t\t\t\t<div class=\"elementor-element elementor-element-085cf09 elementor-align-right elementor-widget elementor-widget-button\" data-id=\"085cf09\" data-element_type=\"widget\" data-widget_type=\"button.default\">\n\t\t\t\t<div class=\"elementor-widget-container\">\n\t\t\t\t\t<div class=\"elementor-button-wrapper\">\n\t\t\t<a class=\"elementor-button elementor-button-link elementor-size-sm elementor-animation-grow\" href=\"https:\/\/praxis-wolfganghaas.de\/?page_id=121\">\n\t\t\t\t\t\t<span class=\"elementor-button-content-wrapper\">\n\t\t\t\t\t\t\t\t\t<span class=\"elementor-button-text\">Hier klicken<\/span>\n\t\t\t\t\t<\/span>\n\t\t\t\t\t<\/a>\n\t\t<\/div>\n\t\t\t\t<\/div>\n\t\t\t\t<\/div>\n\t\t\t\t\t<\/div>\n\t\t<\/div>\n\t\t\t\t<div class=\"elementor-column elementor-col-50 elementor-top-column elementor-element elementor-element-da35fa5\" data-id=\"da35fa5\" data-element_type=\"column\">\n\t\t\t<div class=\"elementor-widget-wrap elementor-element-populated\">\n\t\t\t\t\t\t<div class=\"elementor-element elementor-element-c15f73a elementor-widget elementor-widget-image\" data-id=\"c15f73a\" data-element_type=\"widget\" data-widget_type=\"image.default\">\n\t\t\t\t<div class=\"elementor-widget-container\">\n\t\t\t\t\t\t\t\t\t\t\t\t\t<img width=\"300\" height=\"200\" src=\"https:\/\/praxis-wolfganghaas.de\/wp-content\/uploads\/2020\/03\/belly-2354_1920-300x200.jpg\" class=\"attachment-medium size-medium wp-image-2235\" alt=\"\" srcset=\"https:\/\/praxis-wolfganghaas.de\/wp-content\/uploads\/2020\/03\/belly-2354_1920-300x200.jpg 300w, https:\/\/praxis-wolfganghaas.de\/wp-content\/uploads\/2020\/03\/belly-2354_1920-768x512.jpg 768w, https:\/\/praxis-wolfganghaas.de\/wp-content\/uploads\/2020\/03\/belly-2354_1920-1024x683.jpg 1024w, https:\/\/praxis-wolfganghaas.de\/wp-content\/uploads\/2020\/03\/belly-2354_1920.jpg 1920w\" sizes=\"(max-width: 300px) 100vw, 300px\" \/>\t\t\t\t\t\t\t\t\t\t\t\t\t<\/div>\n\t\t\t\t<\/div>\n\t\t\t\t\t<\/div>\n\t\t<\/div>\n\t\t\t\t\t<\/div>\n\t\t<\/section>\n\t\t\t\t<section class=\"elementor-section elementor-top-section elementor-element elementor-element-f418e32 elementor-section-content-middle elementor-reverse-mobile elementor-section-boxed elementor-section-height-default elementor-section-height-default\" data-id=\"f418e32\" data-element_type=\"section\">\n\t\t\t\t\t\t<div class=\"elementor-container elementor-column-gap-no\">\n\t\t\t\t\t<div class=\"elementor-column elementor-col-50 elementor-top-column elementor-element elementor-element-77d3f55\" data-id=\"77d3f55\" data-element_type=\"column\">\n\t\t\t<div class=\"elementor-widget-wrap elementor-element-populated\">\n\t\t\t\t\t\t<div class=\"elementor-element elementor-element-124fc69 elementor-widget elementor-widget-heading\" data-id=\"124fc69\" data-element_type=\"widget\" data-widget_type=\"heading.default\">\n\t\t\t\t<div class=\"elementor-widget-container\">\n\t\t\t<h4 class=\"elementor-heading-title elementor-size-default\">K\u00f6rper, Geist <br>&amp; Seele<\/h4>\t\t<\/div>\n\t\t\t\t<\/div>\n\t\t\t\t<div class=\"elementor-element elementor-element-10046ad elementor-align-right elementor-widget elementor-widget-button\" data-id=\"10046ad\" data-element_type=\"widget\" data-widget_type=\"button.default\">\n\t\t\t\t<div class=\"elementor-widget-container\">\n\t\t\t\t\t<div class=\"elementor-button-wrapper\">\n\t\t\t<a class=\"elementor-button elementor-button-link elementor-size-sm elementor-animation-grow\" href=\"https:\/\/praxis-wolfganghaas.de\/?page_id=123\">\n\t\t\t\t\t\t<span class=\"elementor-button-content-wrapper\">\n\t\t\t\t\t\t\t\t\t<span class=\"elementor-button-text\">Hier klicken<\/span>\n\t\t\t\t\t<\/span>\n\t\t\t\t\t<\/a>\n\t\t<\/div>\n\t\t\t\t<\/div>\n\t\t\t\t<\/div>\n\t\t\t\t\t<\/div>\n\t\t<\/div>\n\t\t\t\t<div class=\"elementor-column elementor-col-50 elementor-top-column elementor-element elementor-element-d2fee9e\" data-id=\"d2fee9e\" data-element_type=\"column\">\n\t\t\t<div class=\"elementor-widget-wrap elementor-element-populated\">\n\t\t\t\t\t\t<div class=\"elementor-element elementor-element-f009396 elementor-widget elementor-widget-image\" data-id=\"f009396\" data-element_type=\"widget\" data-widget_type=\"image.default\">\n\t\t\t\t<div class=\"elementor-widget-container\">\n\t\t\t\t\t\t\t\t\t\t\t\t\t<img width=\"300\" height=\"190\" src=\"https:\/\/praxis-wolfganghaas.de\/wp-content\/uploads\/2020\/01\/zen-509371_1920-300x190.jpg\" class=\"attachment-medium size-medium wp-image-1989\" alt=\"\" srcset=\"https:\/\/praxis-wolfganghaas.de\/wp-content\/uploads\/2020\/01\/zen-509371_1920-300x190.jpg 300w, https:\/\/praxis-wolfganghaas.de\/wp-content\/uploads\/2020\/01\/zen-509371_1920-768x487.jpg 768w, https:\/\/praxis-wolfganghaas.de\/wp-content\/uploads\/2020\/01\/zen-509371_1920-1024x649.jpg 1024w, https:\/\/praxis-wolfganghaas.de\/wp-content\/uploads\/2020\/01\/zen-509371_1920.jpg 1920w\" sizes=\"(max-width: 300px) 100vw, 300px\" \/>\t\t\t\t\t\t\t\t\t\t\t\t\t<\/div>\n\t\t\t\t<\/div>\n\t\t\t\t\t<\/div>\n\t\t<\/div>\n\t\t\t\t\t<\/div>\n\t\t<\/section>\n\t\t\t\t<section class=\"elementor-section elementor-top-section elementor-element elementor-element-81ab196 elementor-section-content-middle elementor-reverse-mobile elementor-section-boxed elementor-section-height-default elementor-section-height-default\" data-id=\"81ab196\" data-element_type=\"section\">\n\t\t\t\t\t\t<div class=\"elementor-container elementor-column-gap-no\">\n\t\t\t\t\t<div class=\"elementor-column elementor-col-50 elementor-top-column elementor-element elementor-element-5dedcc5\" data-id=\"5dedcc5\" data-element_type=\"column\">\n\t\t\t<div class=\"elementor-widget-wrap elementor-element-populated\">\n\t\t\t\t\t\t<div class=\"elementor-element elementor-element-1304ca4 elementor-widget elementor-widget-heading\" data-id=\"1304ca4\" data-element_type=\"widget\" data-widget_type=\"heading.default\">\n\t\t\t\t<div class=\"elementor-widget-container\">\n\t\t\t<h4 class=\"elementor-heading-title elementor-size-default\">Heilfasten<\/h4>\t\t<\/div>\n\t\t\t\t<\/div>\n\t\t\t\t<div class=\"elementor-element elementor-element-f2804f2 elementor-align-right elementor-widget elementor-widget-button\" data-id=\"f2804f2\" data-element_type=\"widget\" data-widget_type=\"button.default\">\n\t\t\t\t<div class=\"elementor-widget-container\">\n\t\t\t\t\t<div class=\"elementor-button-wrapper\">\n\t\t\t<a class=\"elementor-button elementor-button-link elementor-size-sm elementor-animation-grow\" href=\"https:\/\/praxis-wolfganghaas.de\/?page_id=117\">\n\t\t\t\t\t\t<span class=\"elementor-button-content-wrapper\">\n\t\t\t\t\t\t\t\t\t<span class=\"elementor-button-text\">Hier klicken<\/span>\n\t\t\t\t\t<\/span>\n\t\t\t\t\t<\/a>\n\t\t<\/div>\n\t\t\t\t<\/div>\n\t\t\t\t<\/div>\n\t\t\t\t\t<\/div>\n\t\t<\/div>\n\t\t\t\t<div class=\"elementor-column elementor-col-50 elementor-top-column elementor-element elementor-element-bf093d4\" data-id=\"bf093d4\" data-element_type=\"column\">\n\t\t\t<div class=\"elementor-widget-wrap elementor-element-populated\">\n\t\t\t\t\t\t<div class=\"elementor-element elementor-element-3a2ea4f elementor-widget elementor-widget-image\" data-id=\"3a2ea4f\" data-element_type=\"widget\" data-widget_type=\"image.default\">\n\t\t\t\t<div class=\"elementor-widget-container\">\n\t\t\t\t\t\t\t\t\t\t\t\t\t<img loading=\"lazy\" width=\"300\" height=\"219\" src=\"https:\/\/praxis-wolfganghaas.de\/wp-content\/uploads\/2020\/01\/tea-4625378_1920-300x219.jpg\" class=\"attachment-medium size-medium wp-image-1965\" alt=\"\" srcset=\"https:\/\/praxis-wolfganghaas.de\/wp-content\/uploads\/2020\/01\/tea-4625378_1920-300x219.jpg 300w, https:\/\/praxis-wolfganghaas.de\/wp-content\/uploads\/2020\/01\/tea-4625378_1920-768x560.jpg 768w, https:\/\/praxis-wolfganghaas.de\/wp-content\/uploads\/2020\/01\/tea-4625378_1920-1024x747.jpg 1024w, https:\/\/praxis-wolfganghaas.de\/wp-content\/uploads\/2020\/01\/tea-4625378_1920.jpg 1920w\" sizes=\"(max-width: 300px) 100vw, 300px\" \/>\t\t\t\t\t\t\t\t\t\t\t\t\t<\/div>\n\t\t\t\t<\/div>\n\t\t\t\t\t<\/div>\n\t\t<\/div>\n\t\t\t\t\t<\/div>\n\t\t<\/section>\n\t\t\t\t<section class=\"elementor-section elementor-top-section elementor-element elementor-element-7s395kh elementor-section-boxed elementor-section-height-default elementor-section-height-default\" data-id=\"7s395kh\" data-element_type=\"section\">\n\t\t\t\t\t\t<div class=\"elementor-container elementor-column-gap-no\">\n\t\t\t\t\t<div class=\"elementor-column elementor-col-100 elementor-top-column elementor-element elementor-element-d52789c\" data-id=\"d52789c\" data-element_type=\"column\">\n\t\t\t<div class=\"elementor-widget-wrap elementor-element-populated\">\n\t\t\t\t\t\t<section class=\"elementor-section elementor-inner-section elementor-element elementor-element-f119269 elementor-section-boxed elementor-section-height-default elementor-section-height-default\" data-id=\"f119269\" data-element_type=\"section\">\n\t\t\t\t\t\t<div class=\"elementor-container elementor-column-gap-no\">\n\t\t\t\t\t<div class=\"elementor-column elementor-col-100 elementor-inner-column elementor-element elementor-element-de7219f\" data-id=\"de7219f\" data-element_type=\"column\">\n\t\t\t<div class=\"elementor-widget-wrap elementor-element-populated\">\n\t\t\t\t\t\t<div class=\"elementor-element elementor-element-869b955 elementor-widget elementor-widget-heading\" data-id=\"869b955\" data-element_type=\"widget\" data-widget_type=\"heading.default\">\n\t\t\t\t<div class=\"elementor-widget-container\">\n\t\t\t<h3 class=\"elementor-heading-title elementor-size-default\"><br>\nHP Wolfgang Haas<br>35 Jahre Praxiserfahrung als <br>niedergelassener Heilpraktiker\n<br>\n<br><\/h3>\t\t<\/div>\n\t\t\t\t<\/div>\n\t\t\t\t<div class=\"elementor-element elementor-element-ae3277e elementor-widget elementor-widget-text-editor\" data-id=\"ae3277e\" data-element_type=\"widget\" data-widget_type=\"text-editor.default\">\n\t\t\t\t<div class=\"elementor-widget-container\">\n\t\t\t\t\t\t\t<h3>BEHANDLUNGSKOSTEN<\/h3>\n<p>Meine Honorare orientieren sich an der Geb\u00fchrenordnung f\u00fcr Heilpraktiker in ihrer gu\u0308ltigen Fassung. Die Kostenu\u0308bernahme durch die private Krankenversicherung richtet sich nach den jeweiligen Vertragsbedingungen Ihrer Versicherung sowie Ihres gewa\u0308hlten Tarifs.<\/p>\n<p>Gerne behandele\/berate ich auch gesetzlich versicherte Patienten als Selbstzahler.<\/p>\n<p><\/p>\t\t\t\t\t\t<\/div>\n\t\t\t\t<\/div>\n\t\t\t\t\t<\/div>\n\t\t<\/div>\n\t\t\t\t\t<\/div>\n\t\t<\/section>\n\t\t\t\t\t<\/div>\n\t\t<\/div>\n\t\t\t\t\t<\/div>\n\t\t<\/section>\n\t\t\t\t<\/div>\n\t\t","protected":false},"excerpt":{"rendered":"<p>Meine Praxisschwerpunkte Meine Spezialisierung auf bestimmte Fachgebiete, sowie meine jahrzehntelangen Erfahrungen damit, erm\u00f6glichen es mir, ein individuell gestaltetes, hochqualitatives Leistungsspektrum anbieten zu k\u00f6nnen. Selbstverst\u00e4ndlich wende ich mich meinen Patienten mit ausreichend Zeit f\u00fcr ihre pers\u00f6nlichen Bed\u00fcrfnisse und Fragen zu, und gehe auf ihre W\u00fcnsche ein. Die individuell erstellten Behandlungspl\u00e4ne sind naturheilkundlich orientiert und wissenschaftlich fundiert. &hellip;<\/p>\n<p class=\"read-more\"> <a class=\"\" href=\"https:\/\/praxis-wolfganghaas.de\/?page_id=8\"> <span class=\"screen-reader-text\">Meine Praxisschwerpunkte<\/span> Weiterlesen &raquo;<\/a><\/p>\n","protected":false},"author":1,"featured_media":0,"parent":0,"menu_order":0,"comment_status":"closed","ping_status":"closed","template":"","meta":{"site-sidebar-layout":"default","site-content-layout":"default","ast-global-header-display":"","ast-main-header-display":"","ast-hfb-above-header-display":"","ast-hfb-below-header-display":"","ast-hfb-mobile-header-display":"","site-post-title":"disabled","ast-breadcrumbs-content":"","ast-featured-img":"","footer-sml-layout":"","theme-transparent-header-meta":"default","adv-header-id-meta":"","stick-header-meta":"","header-above-stick-meta":"","header-main-stick-meta":"","header-below-stick-meta":""},"_links":{"self":[{"href":"https:\/\/praxis-wolfganghaas.de\/index.php?rest_route=\/wp\/v2\/pages\/8"}],"collection":[{"href":"https:\/\/praxis-wolfganghaas.de\/index.php?rest_route=\/wp\/v2\/pages"}],"about":[{"href":"https:\/\/praxis-wolfganghaas.de\/index.php?rest_route=\/wp\/v2\/types\/page"}],"author":[{"embeddable":true,"href":"https:\/\/praxis-wolfganghaas.de\/index.php?rest_route=\/wp\/v2\/users\/1"}],"replies":[{"embeddable":true,"href":"https:\/\/praxis-wolfganghaas.de\/index.php?rest_route=%2Fwp%2Fv2%2Fcomments&post=8"}],"version-history":[{"count":196,"href":"https:\/\/praxis-wolfganghaas.de\/index.php?rest_route=\/wp\/v2\/pages\/8\/revisions"}],"predecessor-version":[{"id":2652,"href":"https:\/\/praxis-wolfganghaas.de\/index.php?rest_route=\/wp\/v2\/pages\/8\/revisions\/2652"}],"wp:attachment":[{"href":"https:\/\/praxis-wolfganghaas.de\/index.php?rest_route=%2Fwp%2Fv2%2Fmedia&parent=8"}],"curies":[{"name":"wp","href":"https:\/\/api.w.org\/{rel}","templated":true}]}}