{"id":62,"date":"2014-02-09T13:22:30","date_gmt":"2014-02-09T13:22:30","guid":{"rendered":"http:\/\/praxis-wolfganghaas.de\/?page_id=62"},"modified":"2020-08-04T17:43:30","modified_gmt":"2020-08-04T17:43:30","slug":"lage-und-anfahrt","status":"publish","type":"page","link":"https:\/\/praxis-wolfganghaas.de\/?page_id=62","title":{"rendered":"Lage und Anfahrt"},"content":{"rendered":"\t\t<div data-elementor-type=\"wp-page\" data-elementor-id=\"62\" class=\"elementor elementor-62\">\n\t\t\t\t\t\t<section class=\"elementor-section elementor-top-section elementor-element elementor-element-4804d56 elementor-section-boxed elementor-section-height-default elementor-section-height-default\" data-id=\"4804d56\" data-element_type=\"section\">\n\t\t\t\t\t\t<div class=\"elementor-container elementor-column-gap-default\">\n\t\t\t\t\t<div class=\"elementor-column elementor-col-100 elementor-top-column elementor-element elementor-element-21a8db2f\" data-id=\"21a8db2f\" data-element_type=\"column\">\n\t\t\t<div class=\"elementor-widget-wrap elementor-element-populated\">\n\t\t\t\t\t\t<div class=\"elementor-element elementor-element-7cd84ce1 elementor-widget elementor-widget-text-editor\" data-id=\"7cd84ce1\" data-element_type=\"widget\" data-widget_type=\"text-editor.default\">\n\t\t\t\t<div class=\"elementor-widget-container\">\n\t\t\t\t\t\t\t<p align=\"left\"><span style=\"font-size: 14pt;color: #993300;font-family: verdana,geneva,sans-serif\">Anschrift<\/span><br>\n<span style=\"font-size: 12pt;font-family: helvetica,arial,sans-serif;color: #000000\"> Pippinplatz 3 &#8211; 82131 Gauting &#8211; Telefon: 089\/8507154<\/span><\/p>\n<p align=\"left\"><span style=\"font-size: 14pt;color: #993300;font-family: verdana,geneva,sans-serif\">Mit dem PKW<\/span><br>\n<span style=\"font-size: 12pt;font-family: helvetica,arial,sans-serif;color: #000000\"> Aus Richtung M\u00fcnchen kommend fahren Sie zum S-Bahnbahnhof Gauting, durchfahren die Bahnunterf\u00fchrung und finden unmittelbar dahinter den Pippinplatz. Die Praxis befindet sich auf der linken Seite des Pippinplatzes. In dem zweist\u00f6ckigen Geb\u00e4ude sind auch eine Hofpfisterb\u00e4ckerei und ein Vincenz-Murr zu finden.<\/span><\/p>\n<p align=\"left\"><span style=\"font-size: 12pt;font-family: helvetica,arial,sans-serif;color: #000000\">Aus Richtung Germering kommend, halten Sie sich auf der Germeringerstra\u00dfe einfach immer geradeaus, ca. 900m nach dem Ortsschild Gauting \u00f6ffnet sich vor Ihnen der Pippinplatz.<\/span><\/p>\n<p align=\"left\"><span style=\"font-size: 14pt;color: #993300;font-family: verdana,geneva,sans-serif\">\u00d6ffentlicher Nahverkehr<\/span><br>\n<span style=\"font-size: 12pt;font-family: helvetica,arial,sans-serif;color: #000000\"> Verlassen Sie den S-Bahnbahnhof (S6) in s\u00fcdwestlicher Richtung. Der Pippinplatz befindet sich unmittelbar hinter dem S-Bahnhof Gauting. Meine Praxis ist von dort aus nach ca. 500 m bequem zu erreichen.<\/span><\/p>\n<p>&nbsp;<\/p>\t\t\t\t\t\t<\/div>\n\t\t\t\t<\/div>\n\t\t\t\t\t<\/div>\n\t\t<\/div>\n\t\t\t\t\t<\/div>\n\t\t<\/section>\n\t\t\t\t<\/div>\n\t\t","protected":false},"excerpt":{"rendered":"<p>Anschrift Pippinplatz 3 &#8211; 82131 Gauting &#8211; Telefon: 089\/8507154 Mit dem PKW Aus Richtung M\u00fcnchen kommend fahren Sie zum S-Bahnbahnhof Gauting, durchfahren die Bahnunterf\u00fchrung und finden unmittelbar dahinter den Pippinplatz. Die Praxis befindet sich auf der linken Seite des Pippinplatzes. In dem zweist\u00f6ckigen Geb\u00e4ude sind auch eine Hofpfisterb\u00e4ckerei und ein Vincenz-Murr zu finden. Aus Richtung &hellip;<\/p>\n<p class=\"read-more\"> <a class=\"\" href=\"https:\/\/praxis-wolfganghaas.de\/?page_id=62\"> <span class=\"screen-reader-text\">Lage und Anfahrt<\/span> Weiterlesen &raquo;<\/a><\/p>\n","protected":false},"author":1,"featured_media":0,"parent":0,"menu_order":0,"comment_status":"closed","ping_status":"closed","template":"","meta":{"site-sidebar-layout":"default","site-content-layout":"boxed-container","ast-global-header-display":"","ast-main-header-display":"","ast-hfb-above-header-display":"","ast-hfb-below-header-display":"","ast-hfb-mobile-header-display":"","site-post-title":"disabled","ast-breadcrumbs-content":"","ast-featured-img":"","footer-sml-layout":"","theme-transparent-header-meta":"default","adv-header-id-meta":"","stick-header-meta":"","header-above-stick-meta":"","header-main-stick-meta":"","header-below-stick-meta":""},"_links":{"self":[{"href":"https:\/\/praxis-wolfganghaas.de\/index.php?rest_route=\/wp\/v2\/pages\/62"}],"collection":[{"href":"https:\/\/praxis-wolfganghaas.de\/index.php?rest_route=\/wp\/v2\/pages"}],"about":[{"href":"https:\/\/praxis-wolfganghaas.de\/index.php?rest_route=\/wp\/v2\/types\/page"}],"author":[{"embeddable":true,"href":"https:\/\/praxis-wolfganghaas.de\/index.php?rest_route=\/wp\/v2\/users\/1"}],"replies":[{"embeddable":true,"href":"https:\/\/praxis-wolfganghaas.de\/index.php?rest_route=%2Fwp%2Fv2%2Fcomments&post=62"}],"version-history":[{"count":18,"href":"https:\/\/praxis-wolfganghaas.de\/index.php?rest_route=\/wp\/v2\/pages\/62\/revisions"}],"predecessor-version":[{"id":2446,"href":"https:\/\/praxis-wolfganghaas.de\/index.php?rest_route=\/wp\/v2\/pages\/62\/revisions\/2446"}],"wp:attachment":[{"href":"https:\/\/praxis-wolfganghaas.de\/index.php?rest_route=%2Fwp%2Fv2%2Fmedia&parent=62"}],"curies":[{"name":"wp","href":"https:\/\/api.w.org\/{rel}","templated":true}]}}