{"id":123,"date":"2014-02-09T18:28:37","date_gmt":"2014-02-09T18:28:37","guid":{"rendered":"http:\/\/praxis-wolfganghaas.de\/?page_id=123"},"modified":"2021-02-23T08:54:23","modified_gmt":"2021-02-23T08:54:23","slug":"iaso-selbstheilungsarbeit","status":"publish","type":"page","link":"https:\/\/praxis-wolfganghaas.de\/?page_id=123","title":{"rendered":"K\u00f6rper, Geist&#038;Seele"},"content":{"rendered":"\t\t<div data-elementor-type=\"wp-page\" data-elementor-id=\"123\" class=\"elementor elementor-123\">\n\t\t\t\t\t\t<section class=\"elementor-section elementor-top-section elementor-element elementor-element-5458e9b elementor-section-content-middle elementor-section-boxed elementor-section-height-default elementor-section-height-default\" data-id=\"5458e9b\" data-element_type=\"section\" data-settings=\"{&quot;background_background&quot;:&quot;classic&quot;}\">\n\t\t\t\t\t\t\t<div class=\"elementor-background-overlay\"><\/div>\n\t\t\t\t\t\t\t<div class=\"elementor-container elementor-column-gap-no\">\n\t\t\t\t\t<div class=\"elementor-column elementor-col-50 elementor-top-column elementor-element elementor-element-aaef899\" data-id=\"aaef899\" data-element_type=\"column\" data-settings=\"{&quot;background_background&quot;:&quot;classic&quot;}\">\n\t\t\t<div class=\"elementor-widget-wrap elementor-element-populated\">\n\t\t\t\t\t\t<div class=\"elementor-element elementor-element-abcfdd4 elementor-widget elementor-widget-heading\" data-id=\"abcfdd4\" data-element_type=\"widget\" data-widget_type=\"heading.default\">\n\t\t\t\t<div class=\"elementor-widget-container\">\n\t\t\t<h2 class=\"elementor-heading-title elementor-size-default\">K\u00f6rper, Geist und Seele<\/h2>\t\t<\/div>\n\t\t\t\t<\/div>\n\t\t\t\t\t<\/div>\n\t\t<\/div>\n\t\t\t\t<div class=\"elementor-column elementor-col-50 elementor-top-column elementor-element elementor-element-5285048\" data-id=\"5285048\" data-element_type=\"column\">\n\t\t\t<div class=\"elementor-widget-wrap\">\n\t\t\t\t\t\t\t<\/div>\n\t\t<\/div>\n\t\t\t\t\t<\/div>\n\t\t<\/section>\n\t\t\t\t<section class=\"elementor-section elementor-top-section elementor-element elementor-element-bd6eaa8 elementor-section-boxed elementor-section-height-default elementor-section-height-default\" data-id=\"bd6eaa8\" data-element_type=\"section\">\n\t\t\t\t\t\t<div class=\"elementor-container elementor-column-gap-default\">\n\t\t\t\t\t<div class=\"elementor-column elementor-col-100 elementor-top-column elementor-element elementor-element-f1c010f\" data-id=\"f1c010f\" data-element_type=\"column\">\n\t\t\t<div class=\"elementor-widget-wrap elementor-element-populated\">\n\t\t\t\t\t\t<div class=\"elementor-element elementor-element-991392c elementor-widget elementor-widget-spacer\" data-id=\"991392c\" data-element_type=\"widget\" data-widget_type=\"spacer.default\">\n\t\t\t\t<div class=\"elementor-widget-container\">\n\t\t\t\t\t<div class=\"elementor-spacer\">\n\t\t\t<div class=\"elementor-spacer-inner\"><\/div>\n\t\t<\/div>\n\t\t\t\t<\/div>\n\t\t\t\t<\/div>\n\t\t\t\t\t<\/div>\n\t\t<\/div>\n\t\t\t\t\t<\/div>\n\t\t<\/section>\n\t\t\t\t<section class=\"elementor-section elementor-top-section elementor-element elementor-element-35f91d0 elementor-section-boxed elementor-section-height-default elementor-section-height-default\" data-id=\"35f91d0\" data-element_type=\"section\">\n\t\t\t\t\t\t<div class=\"elementor-container elementor-column-gap-default\">\n\t\t\t\t\t<div class=\"elementor-column elementor-col-100 elementor-top-column elementor-element elementor-element-4432089\" data-id=\"4432089\" data-element_type=\"column\">\n\t\t\t<div class=\"elementor-widget-wrap elementor-element-populated\">\n\t\t\t\t\t\t<div class=\"elementor-element elementor-element-8e68433 elementor-widget elementor-widget-icon-box\" data-id=\"8e68433\" data-element_type=\"widget\" data-widget_type=\"icon-box.default\">\n\t\t\t\t<div class=\"elementor-widget-container\">\n\t\t\t\t\t<div class=\"elementor-icon-box-wrapper\">\n\n\t\t\t\n\t\t\t\t\t\t<div class=\"elementor-icon-box-content\">\n\n\t\t\t\t\t\t\t\t\t<h3 class=\"elementor-icon-box-title\">\n\t\t\t\t\t\t<span  >\n\t\t\t\t\t\t\tWas ich Ihnen anbiete\t\t\t\t\t\t<\/span>\n\t\t\t\t\t<\/h3>\n\t\t\t\t\n\t\t\t\t\t\t\t\t\t<p class=\"elementor-icon-box-description\">\n\t\t\t\t\t\tPsychosomatik \u2013 das ist der ganzheitliche Blick auf Krankheiten \u2013 ist seit jeher ein wichtiger Bestandteil meines naturheilkundlichen Behandlungsangebotes. Es ist  heute allgemein anerkannt, dass die Medizin viele Leiden nicht einfach nur \u201cwegmachen\u201d kann, sondern sowohl den Patienten als auch den Behandler auffordern, sich der Komplexit\u00e4t des Krankheitsgeschehens zu stellen. Sie haben private oder berufliche Beziehungsprobleme, \u00c4ngste, Schmerzen, depressive Verstimmungen oder Probleme in der Lebensgestaltung? Sie haben psychosomatische Beschwerden? In meiner Praxis  m\u00f6chte ich meinen Patienten Raum, Zeit und Verst\u00e4ndnis f\u00fcr all das, was sie bewegt, geben. Und sie darin unterst\u00fctzen, eine stabilere Pers\u00f6nlichkeit zu entwickeln, sowie destruktive Denk-, F\u00fchl- und Handlungsmuster zu \u00fcberwinden. Hierzu biete ich unterschiedliche psychotherapeutische Methoden und Konzepte an. Auf dem Gebiet der psychosomatischen Erkrankungen unterst\u00fctze ich meine Patienten dabei, Zugang zu den Ursachen ihrer Beschwerden zu finden und daf\u00fcr L\u00f6sungswege zu entwickeln. Grunds\u00e4tzlich soll der eingeschlagene Therapieweg f\u00fcr Sie jederzeit verst\u00e4ndlich sein, denn wenn Ihnen Sinn und Zweck der Therapiestrategie bewusst ist, werden Sie motivierter an Ihren Zielen arbeiten. Je gr\u00f6\u00dfer Ihre Bereitschaft ist aktiv mitzuarbeiten, desto schneller und dauerhafter sind Ihre Therapieerfolge. \t\t\t\t\t<\/p>\n\t\t\t\t\n\t\t\t<\/div>\n\t\t\t\n\t\t<\/div>\n\t\t\t\t<\/div>\n\t\t\t\t<\/div>\n\t\t\t\t\t<\/div>\n\t\t<\/div>\n\t\t\t\t\t<\/div>\n\t\t<\/section>\n\t\t\t\t<section class=\"elementor-section elementor-top-section elementor-element elementor-element-4de47a15 elementor-section-full_width elementor-section-content-middle elementor-section-height-default elementor-section-height-default\" data-id=\"4de47a15\" data-element_type=\"section\">\n\t\t\t\t\t\t<div class=\"elementor-container elementor-column-gap-no\">\n\t\t\t\t\t<div class=\"elementor-column elementor-col-50 elementor-top-column elementor-element elementor-element-75a50825\" data-id=\"75a50825\" data-element_type=\"column\">\n\t\t\t<div class=\"elementor-widget-wrap elementor-element-populated\">\n\t\t\t\t\t\t<div class=\"elementor-element elementor-element-bba31fa elementor-widget elementor-widget-icon-box\" data-id=\"bba31fa\" data-element_type=\"widget\" data-widget_type=\"icon-box.default\">\n\t\t\t\t<div class=\"elementor-widget-container\">\n\t\t\t\t\t<div class=\"elementor-icon-box-wrapper\">\n\n\t\t\t\n\t\t\t\t\t\t<div class=\"elementor-icon-box-content\">\n\n\t\t\t\t\t\t\t\t\t<h3 class=\"elementor-icon-box-title\">\n\t\t\t\t\t\t<span  >\n\t\t\t\t\t\t\tIASO <br>SELBSTHEILUNGSARBEIT IM SEELISCHEN RAUM\t\t\t\t\t\t<\/span>\n\t\t\t\t\t<\/h3>\n\t\t\t\t\n\t\t\t\t\t\t\t\t\t<p class=\"elementor-icon-box-description\">\n\t\t\t\t\t\tDiese Methode ist etwas Besonderes und geht in vielerlei Hinsicht \u00fcber herk\u00f6mmliche achtsamkeits-,  und k\u00f6rperorientierte Therapieans\u00e4tzen hinaus. Zum einen geht es bei IASO nicht um das Aufl\u00f6sen von Symptomen an der Oberfl\u00e4che, sondern um einen  tiefgehenden inneren Lernprozess, der wahre Entwicklungen und Heilung hervorbringt. <br>Zum anderen beinhaltet Iaso die Erfahrung der Instanz der inneren seelischen F\u00fchrung bzw. der\/des inneren Weisen. Durch sie wird das  IASO-spezifische Lernen angeleitet. \t\t\t\t\t<\/p>\n\t\t\t\t\n\t\t\t<\/div>\n\t\t\t\n\t\t<\/div>\n\t\t\t\t<\/div>\n\t\t\t\t<\/div>\n\t\t\t\t\t<\/div>\n\t\t<\/div>\n\t\t\t\t<div class=\"elementor-column elementor-col-50 elementor-top-column elementor-element elementor-element-57471788\" data-id=\"57471788\" data-element_type=\"column\">\n\t\t\t<div class=\"elementor-widget-wrap elementor-element-populated\">\n\t\t\t\t\t\t<div class=\"elementor-element elementor-element-34a123af elementor-widget elementor-widget-image\" data-id=\"34a123af\" data-element_type=\"widget\" data-widget_type=\"image.default\">\n\t\t\t\t<div class=\"elementor-widget-container\">\n\t\t\t\t\t\t\t\t\t\t\t\t\t<img fetchpriority=\"high\" width=\"768\" height=\"1152\" src=\"https:\/\/praxis-wolfganghaas.de\/wp-content\/uploads\/2020\/01\/buddha-1287222_1920-768x1152.jpg\" class=\"attachment-medium_large size-medium_large wp-image-1866\" alt=\"\" srcset=\"https:\/\/praxis-wolfganghaas.de\/wp-content\/uploads\/2020\/01\/buddha-1287222_1920-768x1152.jpg 768w, https:\/\/praxis-wolfganghaas.de\/wp-content\/uploads\/2020\/01\/buddha-1287222_1920-200x300.jpg 200w, https:\/\/praxis-wolfganghaas.de\/wp-content\/uploads\/2020\/01\/buddha-1287222_1920-683x1024.jpg 683w, https:\/\/praxis-wolfganghaas.de\/wp-content\/uploads\/2020\/01\/buddha-1287222_1920.jpg 1280w\" sizes=\"(max-width: 768px) 100vw, 768px\" \/>\t\t\t\t\t\t\t\t\t\t\t\t\t<\/div>\n\t\t\t\t<\/div>\n\t\t\t\t\t<\/div>\n\t\t<\/div>\n\t\t\t\t\t<\/div>\n\t\t<\/section>\n\t\t\t\t<section class=\"elementor-section elementor-top-section elementor-element elementor-element-2b6ba59 elementor-section-boxed elementor-section-height-default elementor-section-height-default\" data-id=\"2b6ba59\" data-element_type=\"section\">\n\t\t\t\t\t\t<div class=\"elementor-container elementor-column-gap-default\">\n\t\t\t\t\t<div class=\"elementor-column elementor-col-100 elementor-top-column elementor-element elementor-element-c9c053c\" data-id=\"c9c053c\" data-element_type=\"column\">\n\t\t\t<div class=\"elementor-widget-wrap elementor-element-populated\">\n\t\t\t\t\t\t<div class=\"elementor-element elementor-element-64fc6b1 elementor-widget elementor-widget-icon-box\" data-id=\"64fc6b1\" data-element_type=\"widget\" data-widget_type=\"icon-box.default\">\n\t\t\t\t<div class=\"elementor-widget-container\">\n\t\t\t\t\t<div class=\"elementor-icon-box-wrapper\">\n\n\t\t\t\n\t\t\t\t\t\t<div class=\"elementor-icon-box-content\">\n\n\t\t\t\t\t\t\t\t\t<h3 class=\"elementor-icon-box-title\">\n\t\t\t\t\t\t<span  >\n\t\t\t\t\t\t\tWas genau ist IASO\t\t\t\t\t\t<\/span>\n\t\t\t\t\t<\/h3>\n\t\t\t\t\n\t\t\t\t\t\t\t\t\t<p class=\"elementor-icon-box-description\">\n\t\t\t\t\t\tIASO ist keine Lehre, keine Religion und keine Ideologie - auch keine konventionelle Therapie. Der Begriff IASO steht f\u00fcr eine au\u00dfergew\u00f6hnliche Form von begleiteter Selbstheilungsarbeit im seelischen Raum. Im Zentrum von IASO steht die Zusammenarbeit mit der naturgegebenen innerseelischen Instanz der \u201einneren Weisheit\u201c. Eine Instanz der inneren F\u00fchrung, verborgen im Unterbewusstsein des Menschen, intelligent, liebevoll und weise. Die Begegnung mit ihr wird im Rahmen eines begleiteten meditativen Entspannungszustandes herbeigef\u00fchrt. Die \u201einnere Weisheit\u201c (IW) wird als autonome, personifizierte Wesenheit gef\u00fchlt, gesehen und geh\u00f6rt. Sie ist in der Lage, mit dem bewussten Ich des\/der Meditierenden zu kommunizieren und ausgestattet mit Kenntnissen und F\u00e4higkeiten, die auch n\u00fcchtern denkende Menschen verbl\u00fcffen, die entweder als Wunder bestaunt oder als Unm\u00f6glichkeit verkannt werden, auch wenn sie sich tagt\u00e4glich in der Erfahrungswelt von Therapeuten und Patienten als unleugbar real erweisen. \t\t\t\t\t<\/p>\n\t\t\t\t\n\t\t\t<\/div>\n\t\t\t\n\t\t<\/div>\n\t\t\t\t<\/div>\n\t\t\t\t<\/div>\n\t\t\t\t\t<\/div>\n\t\t<\/div>\n\t\t\t\t\t<\/div>\n\t\t<\/section>\n\t\t\t\t<section class=\"elementor-section elementor-top-section elementor-element elementor-element-1626178 elementor-section-boxed elementor-section-height-default elementor-section-height-default\" data-id=\"1626178\" data-element_type=\"section\">\n\t\t\t\t\t\t<div class=\"elementor-container elementor-column-gap-default\">\n\t\t\t\t\t<div class=\"elementor-column elementor-col-100 elementor-top-column elementor-element elementor-element-ec9a452\" data-id=\"ec9a452\" data-element_type=\"column\">\n\t\t\t<div class=\"elementor-widget-wrap elementor-element-populated\">\n\t\t\t\t\t\t<div class=\"elementor-element elementor-element-978d14e elementor-widget elementor-widget-heading\" data-id=\"978d14e\" data-element_type=\"widget\" data-widget_type=\"heading.default\">\n\t\t\t\t<div class=\"elementor-widget-container\">\n\t\t\t<h2 class=\"elementor-heading-title elementor-size-default\">\"BALD WIRD ES NICHT MEHR DARAUF ANKOMMEN, WIE GUT EIN THERAPEUT IST, SONDERN WIE GUT EIN MENSCH MIT SEINER \u201eINNEREN WEISHEIT\u201c VERBUNDEN IST.\u201c<\/h2>\t\t<\/div>\n\t\t\t\t<\/div>\n\t\t\t\t\t<\/div>\n\t\t<\/div>\n\t\t\t\t\t<\/div>\n\t\t<\/section>\n\t\t\t\t<section class=\"elementor-section elementor-top-section elementor-element elementor-element-168af73 elementor-section-boxed elementor-section-height-default elementor-section-height-default\" data-id=\"168af73\" data-element_type=\"section\">\n\t\t\t\t\t\t<div class=\"elementor-container elementor-column-gap-default\">\n\t\t\t\t\t<div class=\"elementor-column elementor-col-100 elementor-top-column elementor-element elementor-element-6d42e7e\" data-id=\"6d42e7e\" data-element_type=\"column\">\n\t\t\t<div class=\"elementor-widget-wrap elementor-element-populated\">\n\t\t\t\t\t\t<div class=\"elementor-element elementor-element-f673453 elementor-widget elementor-widget-icon-box\" data-id=\"f673453\" data-element_type=\"widget\" data-widget_type=\"icon-box.default\">\n\t\t\t\t<div class=\"elementor-widget-container\">\n\t\t\t\t\t<div class=\"elementor-icon-box-wrapper\">\n\n\t\t\t\n\t\t\t\t\t\t<div class=\"elementor-icon-box-content\">\n\n\t\t\t\t\t\t\t\t\t<h3 class=\"elementor-icon-box-title\">\n\t\t\t\t\t\t<span  >\n\t\t\t\t\t\t\tDie Wurzeln von IASO\t\t\t\t\t\t<\/span>\n\t\t\t\t\t<\/h3>\n\t\t\t\t\n\t\t\t\t\t\t\t\t\t<p class=\"elementor-icon-box-description\">\n\t\t\t\t\t\tEs gibt weltweit viele, teils sehr unterschiedliche, Str\u00f6mungen und Ans\u00e4tze zur Nutzbarmachung dieser Instanz - uralte \u00fcberlieferte, wie z.B. im Schamanismus, und moderne, wie z.B. in der Simonton-Methode. Das Ph\u00e4nomen einer wissenden, inneren Lehrerinstanz, die der bewussten Wahrnehmung im Zustand der Meditation zug\u00e4nglich ist, ist  mit unterschiedlichsten Namen bzw. Begriffen bedacht worden, wie zum Beispiel: \u201einnerer Heiler, \u201eh\u00f6heres Selbst\u201c, oder \u201einnerer F\u00fchrer\u201c. \t\t\t\t\t<\/p>\n\t\t\t\t\n\t\t\t<\/div>\n\t\t\t\n\t\t<\/div>\n\t\t\t\t<\/div>\n\t\t\t\t<\/div>\n\t\t\t\t<div class=\"elementor-element elementor-element-2334c81 elementor-button-info elementor-align-center elementor-widget elementor-widget-button\" data-id=\"2334c81\" data-element_type=\"widget\" data-widget_type=\"button.default\">\n\t\t\t\t<div class=\"elementor-widget-container\">\n\t\t\t\t\t<div class=\"elementor-button-wrapper\">\n\t\t\t<a class=\"elementor-button elementor-button-link elementor-size-sm\" href=\"https:\/\/praxis-wolfganghaas.de\/wp-content\/uploads\/2020\/01\/IASO-Wurzeln-final.pdf\">\n\t\t\t\t\t\t<span class=\"elementor-button-content-wrapper\">\n\t\t\t\t\t\t\t\t\t<span class=\"elementor-button-text\">Mehr lesen...<\/span>\n\t\t\t\t\t<\/span>\n\t\t\t\t\t<\/a>\n\t\t<\/div>\n\t\t\t\t<\/div>\n\t\t\t\t<\/div>\n\t\t\t\t\t<\/div>\n\t\t<\/div>\n\t\t\t\t\t<\/div>\n\t\t<\/section>\n\t\t\t\t<section class=\"elementor-section elementor-top-section elementor-element elementor-element-329c4bc elementor-section-boxed elementor-section-height-default elementor-section-height-default\" data-id=\"329c4bc\" data-element_type=\"section\">\n\t\t\t\t\t\t<div class=\"elementor-container elementor-column-gap-default\">\n\t\t\t\t\t<div class=\"elementor-column elementor-col-100 elementor-top-column elementor-element elementor-element-63d4190\" data-id=\"63d4190\" data-element_type=\"column\">\n\t\t\t<div class=\"elementor-widget-wrap elementor-element-populated\">\n\t\t\t\t\t\t<div class=\"elementor-element elementor-element-0f6e133 elementor-widget elementor-widget-icon-box\" data-id=\"0f6e133\" data-element_type=\"widget\" data-widget_type=\"icon-box.default\">\n\t\t\t\t<div class=\"elementor-widget-container\">\n\t\t\t\t\t<div class=\"elementor-icon-box-wrapper\">\n\n\t\t\t\n\t\t\t\t\t\t<div class=\"elementor-icon-box-content\">\n\n\t\t\t\t\t\t\t\t\t<h3 class=\"elementor-icon-box-title\">\n\t\t\t\t\t\t<span  >\n\t\t\t\t\t\t\tIASO bei psychosomatischen Gesundheitsproblemen\t\t\t\t\t\t<\/span>\n\t\t\t\t\t<\/h3>\n\t\t\t\t\n\t\t\t\t\t\t\t\t\t<p class=\"elementor-icon-box-description\">\n\t\t\t\t\t\tPsychosomatische Erkrankungen zeichnen sich dadurch aus, das sie auf einer Wechselwirkungen zwischen K\u00f6rper und Seele beruhen. Diese zeigen sich in den unterschiedlichsten Beschwerdebildern wie z.B. chronischen Magen-Darm-Beschwerden, R\u00fccken- oder Kopfschmerzen, Gliederschmerzen, Schwindel, chronischen Hautkrankheiten, funktionellen Herzst\u00f6rungen und Panikattacken.\n\nAber auch bei vielen \"organischen\" Erkrankungen k\u00f6nnen unbewusste seelische Probleme eine Ursache sein. Vielleicht nicht unbedingt alleiniger Grund f\u00fcr die Tatsache, dass eine chronische Krankheit aufgetreten ist, aber h\u00e4ufig  doch mit ausschlaggebend f\u00fcr den Zeitpunkt und den Umfang dieser Erkrankung. Welcher Rheumapatient aber, um nur ein Beispiel zu nennen, kommt schon auf den Gedanken, dass seelische Probleme ein Mitausl\u00f6ser oder Verst\u00e4rker seiner Krankheit sein k\u00f6nnten?\n\nPsychosomatische Erkrankungen als solche zu erkennen ist nicht ganz einfach, eine exakte Grenze zwischen rein psychischen, rein somatischen (physischen) und psychosomatischen Erkrankungen zu ziehen, ist schlichtweg unm\u00f6glich. Und doch gehen viele seri\u00f6se Studien davon aus, dass ca. \u00be aller Erkrankungen einen psychischen Hintergrund haben. Genaue Zahlen hierzu wird man wohl nie erhalten, zumindest wird es aber noch eine Weile dauern, bis man psychosomatische Zusammenh\u00e4nge bei einer Vielzahl von bekannten Krankheiten wird nachweisen k\u00f6nnen.\n\nMit Hilfe von IASO ist es nicht nur m\u00f6glich, herauszufinden, ob hinter Ihren Gesundheitsproblemen verborgene seelische Ursachen stecken k\u00f6nnen, mit IASO k\u00f6nnen sie direkt an diesen Ursachen arbeiten. Egal, ob man nun an einer psychosomatischen Erkrankung leidet, an einer Angsterkrankung oder an einer Depression, an einer Tumorerkrankung oder einem anderen chronischen Leiden, bei seiner IW findet man kompetente Hilfe.\t\t\t\t\t<\/p>\n\t\t\t\t\n\t\t\t<\/div>\n\t\t\t\n\t\t<\/div>\n\t\t\t\t<\/div>\n\t\t\t\t<\/div>\n\t\t\t\t\t<\/div>\n\t\t<\/div>\n\t\t\t\t\t<\/div>\n\t\t<\/section>\n\t\t\t\t<section class=\"elementor-section elementor-top-section elementor-element elementor-element-2b76618 elementor-section-boxed elementor-section-height-default elementor-section-height-default\" data-id=\"2b76618\" data-element_type=\"section\">\n\t\t\t\t\t\t<div class=\"elementor-container elementor-column-gap-default\">\n\t\t\t\t\t<div class=\"elementor-column elementor-col-100 elementor-top-column elementor-element elementor-element-ebdecc9\" data-id=\"ebdecc9\" data-element_type=\"column\">\n\t\t\t<div class=\"elementor-widget-wrap elementor-element-populated\">\n\t\t\t\t\t\t<div class=\"elementor-element elementor-element-f25ed7f elementor-widget elementor-widget-icon-box\" data-id=\"f25ed7f\" data-element_type=\"widget\" data-widget_type=\"icon-box.default\">\n\t\t\t\t<div class=\"elementor-widget-container\">\n\t\t\t\t\t<div class=\"elementor-icon-box-wrapper\">\n\n\t\t\t\n\t\t\t\t\t\t<div class=\"elementor-icon-box-content\">\n\n\t\t\t\t\t\t\t\t\t<h3 class=\"elementor-icon-box-title\">\n\t\t\t\t\t\t<span  >\n\t\t\t\t\t\t\tWas passiert bei IASO ?\t\t\t\t\t\t<\/span>\n\t\t\t\t\t<\/h3>\n\t\t\t\t\n\t\t\t\t\t\t\t\t\t<p class=\"elementor-icon-box-description\">\n\t\t\t\t\t\tDie IW therapiert nicht wie konventionelle Therapeuten, heilt nicht wie menschliche Heilergestalten durch Handauflegen oder das Abhalten irgendwelcher Heilungsrituale, sondern lehrt einen Menschen sich selbst zu heilen. Dies geschieht im Rahmen eines spezieller inneren Unterrichts, in dem es zu einem schrittweisen Sp\u00fcren und Verstehen der eigenen seelischen Innenwelt kommt, und in dessen Mittelpunkt stets die Beziehung zum eigenen K\u00f6rper steht. Jede\/r, der IASO kennengelernt hat, kann best\u00e4tigen: Den besten Lehrer f\u00fcr uns finden wir in unserem Inneren. Das hei\u00dft, man folgt bei IASO keinen philosophischen Ideologien, man setzt keine psychologischen Lehrmeinungen um, kein Therapeut gibt seinen therapeutischen \u201eSenf\u201c dazu \n.Das seelische \u201eHandwerkszeug\u201c, das ben\u00f6tigt wird, um Selbstheilungsarbeit leisten zu k\u00f6nnen, findet sich in den emotionalen Grundkr\u00e4ften, mit denen die Natur jeden Menschen ausgestattet hat. Schritt f\u00fcr Schritt werden Lernende von ihrer IW in deren richtigen Gebrauch eingef\u00fchrt. Insgesamt gleicht der stufenweise Aufbau der Unterweisungen, die man im Fachgebiet \u201eSelbstheilung\u201c durch seine IW erh\u00e4lt, durchaus der Ausbildung in einem Handwerksberuf. Es ist ein systematisch fortschreitender Lernprozess, der es einem Menschen erm\u00f6glicht, die seiner Krankheit zugrunde liegenden Konflikte zu verstehen, damit umzugehen und sie schlie\u00dflich zu bew\u00e4ltigen.\n\nVon Lernbereiten (im obigen Sinne also Lehrlinge) werden dabei stets gleichartige Erfahrungen mit diesem inneren Lehrer gemacht. Mit die gr\u00f6\u00dfte Erfahrung ist, dass man von ihr in wahrer Liebe angenommen wird. Paracelsus, der bedeutendste Arzt des Mittelalters, sagte \u00fcber sie etwas bemerkenswertes: \u201eLiebe ist der h\u00f6chste Grad der Arznei\u201c. \t\t\t\t\t<\/p>\n\t\t\t\t\n\t\t\t<\/div>\n\t\t\t\n\t\t<\/div>\n\t\t\t\t<\/div>\n\t\t\t\t<\/div>\n\t\t\t\t\t<\/div>\n\t\t<\/div>\n\t\t\t\t\t<\/div>\n\t\t<\/section>\n\t\t\t\t<section class=\"elementor-section elementor-top-section elementor-element elementor-element-a2b5b3d elementor-section-boxed elementor-section-height-default elementor-section-height-default\" data-id=\"a2b5b3d\" data-element_type=\"section\">\n\t\t\t\t\t\t<div class=\"elementor-container elementor-column-gap-default\">\n\t\t\t\t\t<div class=\"elementor-column elementor-col-100 elementor-top-column elementor-element elementor-element-a7f4ab5\" data-id=\"a7f4ab5\" data-element_type=\"column\">\n\t\t\t<div class=\"elementor-widget-wrap elementor-element-populated\">\n\t\t\t\t\t\t<div class=\"elementor-element elementor-element-fad3de7 elementor-widget elementor-widget-icon-box\" data-id=\"fad3de7\" data-element_type=\"widget\" data-widget_type=\"icon-box.default\">\n\t\t\t\t<div class=\"elementor-widget-container\">\n\t\t\t\t\t<div class=\"elementor-icon-box-wrapper\">\n\n\t\t\t\n\t\t\t\t\t\t<div class=\"elementor-icon-box-content\">\n\n\t\t\t\t\t\t\t\t\t<h3 class=\"elementor-icon-box-title\">\n\t\t\t\t\t\t<span  >\n\t\t\t\t\t\t\tDer Ablauf in der Praxis\t\t\t\t\t\t<\/span>\n\t\t\t\t\t<\/h3>\n\t\t\t\t\n\t\t\t\t\t\t\t\t\t<p class=\"elementor-icon-box-description\">\n\t\t\t\t\t\tDie Kombination von IASO mit \u00e4u\u00dferen naturheilkundlichen Begleitma\u00dfnahmen stellt ein ideales ganzheitliches Behandlungskonzept dar. Meine Aufgaben als Ihr Begleiter liegen sowohl in der naturheilkundlichen Behandlung ihrer k\u00f6rperlichen Symptome, als auch in der Begleitung Ihres IASO-Lernprozesses. Respekt und Achtung vor der Pers\u00f6nlichkeit des Lernenden sind f\u00fcr mich dabei grundlegend.  \nZun\u00e4chst findet ein unverbindliches Vorgespr\u00e4ch statt, in dem wir ihr Anliegen besprechen und uns kennenlernen k\u00f6nnen. Dabei werden der genaue Ablauf der IASO-Sitzungen und die ersten Lernziele besprochen. Dann wird eine erste Einf\u00fchrungssitzung in IASO vereinbart.  Falls Sie sich dann f\u00fcr IASO entscheiden, werden die Termine f\u00fcr f\u00fcnf weitere IASO-Meditationen besprochen, in denen Sie den inneren Lernprozess genauer kennenlernen k\u00f6nnen. Danach entscheiden Sie, ob Sie diesen Weg zur Behebung Ihrer gesundheitlichen Probleme weiter beschreiten wollen. Die Dauer der IASO-Selbstheilungsarbeit ist individuell verschieden, sie h\u00e4ngt von dem jeweiligen Anliegen und der Art der Beschwerden ab. Das Honorar ist abh\u00e4ngig vom Zeitumfang der Sitzung (90 Min. = Euro 70,--) und kann je nach Tarif der jeweiligen Zusatz- bzw. Privatversicherung von diesen ganz- oder anteilig erstattet werden.\n\n Download f\u00fcr Patienten: IASO-Nachbereitungsbogen\t\t\t\t\t<\/p>\n\t\t\t\t\n\t\t\t<\/div>\n\t\t\t\n\t\t<\/div>\n\t\t\t\t<\/div>\n\t\t\t\t<\/div>\n\t\t\t\t\t<\/div>\n\t\t<\/div>\n\t\t\t\t\t<\/div>\n\t\t<\/section>\n\t\t\t\t<section class=\"elementor-section elementor-top-section elementor-element elementor-element-f2cc8ac elementor-section-boxed elementor-section-height-default elementor-section-height-default\" data-id=\"f2cc8ac\" data-element_type=\"section\">\n\t\t\t\t\t\t<div class=\"elementor-container elementor-column-gap-default\">\n\t\t\t\t\t<div class=\"elementor-column elementor-col-100 elementor-top-column elementor-element elementor-element-7481fde\" data-id=\"7481fde\" data-element_type=\"column\">\n\t\t\t<div class=\"elementor-widget-wrap\">\n\t\t\t\t\t\t\t<\/div>\n\t\t<\/div>\n\t\t\t\t\t<\/div>\n\t\t<\/section>\n\t\t\t\t<\/div>\n\t\t","protected":false},"excerpt":{"rendered":"<p>K\u00f6rper, Geist und Seele Was ich Ihnen anbiete Psychosomatik \u2013 das ist der ganzheitliche Blick auf Krankheiten \u2013 ist seit jeher ein wichtiger Bestandteil meines naturheilkundlichen Behandlungsangebotes. Es ist heute allgemein anerkannt, dass die Medizin viele Leiden nicht einfach nur \u201cwegmachen\u201d kann, sondern sowohl den Patienten als auch den Behandler auffordern, sich der Komplexit\u00e4t des &hellip;<\/p>\n<p class=\"read-more\"> <a class=\"\" href=\"https:\/\/praxis-wolfganghaas.de\/?page_id=123\"> <span class=\"screen-reader-text\">K\u00f6rper, Geist&#038;Seele<\/span> Weiterlesen &raquo;<\/a><\/p>\n","protected":false},"author":1,"featured_media":0,"parent":0,"menu_order":0,"comment_status":"closed","ping_status":"closed","template":"","meta":{"site-sidebar-layout":"no-sidebar","site-content-layout":"default","ast-global-header-display":"","ast-main-header-display":"","ast-hfb-above-header-display":"","ast-hfb-below-header-display":"","ast-hfb-mobile-header-display":"","site-post-title":"disabled","ast-breadcrumbs-content":"","ast-featured-img":"","footer-sml-layout":"","theme-transparent-header-meta":"default","adv-header-id-meta":"","stick-header-meta":"","header-above-stick-meta":"","header-main-stick-meta":"","header-below-stick-meta":""},"_links":{"self":[{"href":"https:\/\/praxis-wolfganghaas.de\/index.php?rest_route=\/wp\/v2\/pages\/123"}],"collection":[{"href":"https:\/\/praxis-wolfganghaas.de\/index.php?rest_route=\/wp\/v2\/pages"}],"about":[{"href":"https:\/\/praxis-wolfganghaas.de\/index.php?rest_route=\/wp\/v2\/types\/page"}],"author":[{"embeddable":true,"href":"https:\/\/praxis-wolfganghaas.de\/index.php?rest_route=\/wp\/v2\/users\/1"}],"replies":[{"embeddable":true,"href":"https:\/\/praxis-wolfganghaas.de\/index.php?rest_route=%2Fwp%2Fv2%2Fcomments&post=123"}],"version-history":[{"count":134,"href":"https:\/\/praxis-wolfganghaas.de\/index.php?rest_route=\/wp\/v2\/pages\/123\/revisions"}],"predecessor-version":[{"id":2546,"href":"https:\/\/praxis-wolfganghaas.de\/index.php?rest_route=\/wp\/v2\/pages\/123\/revisions\/2546"}],"wp:attachment":[{"href":"https:\/\/praxis-wolfganghaas.de\/index.php?rest_route=%2Fwp%2Fv2%2Fmedia&parent=123"}],"curies":[{"name":"wp","href":"https:\/\/api.w.org\/{rel}","templated":true}]}}