{"id":11,"date":"2014-02-09T10:32:32","date_gmt":"2014-02-09T10:32:32","guid":{"rendered":"http:\/\/praxis-wolfganghaas.de\/?page_id=11"},"modified":"2026-01-02T17:00:18","modified_gmt":"2026-01-02T17:00:18","slug":"seminare-termine","status":"publish","type":"page","link":"https:\/\/praxis-wolfganghaas.de\/?page_id=11","title":{"rendered":"Seminare &#038; Termine"},"content":{"rendered":"\t\t<div data-elementor-type=\"wp-page\" data-elementor-id=\"11\" class=\"elementor elementor-11\">\n\t\t\t\t\t\t<section class=\"elementor-section elementor-top-section elementor-element elementor-element-479fe875 elementor-section-content-middle elementor-section-boxed elementor-section-height-default elementor-section-height-default\" data-id=\"479fe875\" data-element_type=\"section\" data-settings=\"{&quot;background_background&quot;:&quot;classic&quot;}\">\n\t\t\t\t\t\t\t<div class=\"elementor-background-overlay\"><\/div>\n\t\t\t\t\t\t\t<div class=\"elementor-container elementor-column-gap-no\">\n\t\t\t\t\t<div class=\"elementor-column elementor-col-50 elementor-top-column elementor-element elementor-element-2d16bd06\" data-id=\"2d16bd06\" data-element_type=\"column\">\n\t\t\t<div class=\"elementor-widget-wrap elementor-element-populated\">\n\t\t\t\t\t\t<div class=\"elementor-element elementor-element-6e15150d elementor-widget elementor-widget-heading\" data-id=\"6e15150d\" data-element_type=\"widget\" data-widget_type=\"heading.default\">\n\t\t\t\t<div class=\"elementor-widget-container\">\n\t\t\t<h4 class=\"elementor-heading-title elementor-size-default\">Mein Veranstaltungskalender  (Ausbildungen, Fortbildungen, Seminare) <\/h4>\t\t<\/div>\n\t\t\t\t<\/div>\n\t\t\t\t\t<\/div>\n\t\t<\/div>\n\t\t\t\t<div class=\"elementor-column elementor-col-50 elementor-top-column elementor-element elementor-element-3905fa0a\" data-id=\"3905fa0a\" data-element_type=\"column\">\n\t\t\t<div class=\"elementor-widget-wrap\">\n\t\t\t\t\t\t\t<\/div>\n\t\t<\/div>\n\t\t\t\t\t<\/div>\n\t\t<\/section>\n\t\t\t\t<section class=\"elementor-section elementor-top-section elementor-element elementor-element-eaa6dff elementor-section-boxed elementor-section-height-default elementor-section-height-default\" data-id=\"eaa6dff\" data-element_type=\"section\">\n\t\t\t\t\t\t<div class=\"elementor-container elementor-column-gap-no\">\n\t\t\t\t\t<div class=\"elementor-column elementor-col-100 elementor-top-column elementor-element elementor-element-7248f705\" data-id=\"7248f705\" data-element_type=\"column\">\n\t\t\t<div class=\"elementor-widget-wrap elementor-element-populated\">\n\t\t\t\t\t\t<div class=\"elementor-element elementor-element-67efc92e elementor-widget elementor-widget-spacer\" data-id=\"67efc92e\" data-element_type=\"widget\" data-widget_type=\"spacer.default\">\n\t\t\t\t<div class=\"elementor-widget-container\">\n\t\t\t\t\t<div class=\"elementor-spacer\">\n\t\t\t<div class=\"elementor-spacer-inner\"><\/div>\n\t\t<\/div>\n\t\t\t\t<\/div>\n\t\t\t\t<\/div>\n\t\t\t\t\t<\/div>\n\t\t<\/div>\n\t\t\t\t\t<\/div>\n\t\t<\/section>\n\t\t\t\t<section class=\"elementor-section elementor-top-section elementor-element elementor-element-a8f3dcc elementor-section-boxed elementor-section-height-default elementor-section-height-default\" data-id=\"a8f3dcc\" data-element_type=\"section\">\n\t\t\t\t\t\t<div class=\"elementor-container elementor-column-gap-default\">\n\t\t\t\t\t<div class=\"elementor-column elementor-col-50 elementor-top-column elementor-element elementor-element-84d0026\" data-id=\"84d0026\" data-element_type=\"column\">\n\t\t\t<div class=\"elementor-widget-wrap elementor-element-populated\">\n\t\t\t\t\t\t<div class=\"elementor-element elementor-element-973037f elementor-widget elementor-widget-heading\" data-id=\"973037f\" data-element_type=\"widget\" data-widget_type=\"heading.default\">\n\t\t\t\t<div class=\"elementor-widget-container\">\n\t\t\t<h4 class=\"elementor-heading-title elementor-size-default\">Aktuelle Termine &amp; Themen<\/h4>\t\t<\/div>\n\t\t\t\t<\/div>\n\t\t\t\t<div class=\"elementor-element elementor-element-fcf4c9d elementor-widget elementor-widget-text-editor\" data-id=\"fcf4c9d\" data-element_type=\"widget\" data-widget_type=\"text-editor.default\">\n\t\t\t\t<div class=\"elementor-widget-container\">\n\t\t\t\t\t\t\t<h4>Hier ein \u00dcberblick \u00fcber Fortbildungen, Ausbildungen und Seminare, die ich w\u00e4hrend des Jahres rund um die Themen Magen-Darm-Heilkunde, Ern\u00e4hrungsberatung, Stoffwechselgesundheit, professionelle Darmsanierung und Fasten anbiete. Anmelden k\u00f6nnen Sie sich an den jeweiligen Veranstaltungsorten z.B. an der Sebastian-Kneipp-Akademie in W\u00f6rishofen. Die Veranstaltungen sind offen f\u00fcr Fachpersonal und Gesundheitsinteressierte, die sich beruflich oder privat weiterbilden wollen. Ich freue mich \u00fcber Ihr Dabei-Sein.<\/h4>\t\t\t\t\t\t<\/div>\n\t\t\t\t<\/div>\n\t\t\t\t\t<\/div>\n\t\t<\/div>\n\t\t\t\t<div class=\"elementor-column elementor-col-50 elementor-top-column elementor-element elementor-element-d1bfc33\" data-id=\"d1bfc33\" data-element_type=\"column\">\n\t\t\t<div class=\"elementor-widget-wrap elementor-element-populated\">\n\t\t\t\t\t\t<section class=\"elementor-section elementor-inner-section elementor-element elementor-element-ab0956b elementor-section-boxed elementor-section-height-default elementor-section-height-default\" data-id=\"ab0956b\" data-element_type=\"section\">\n\t\t\t\t\t\t<div class=\"elementor-container elementor-column-gap-default\">\n\t\t\t\t\t<div class=\"elementor-column elementor-col-100 elementor-inner-column elementor-element elementor-element-339f94b\" data-id=\"339f94b\" data-element_type=\"column\">\n\t\t\t<div class=\"elementor-widget-wrap elementor-element-populated\">\n\t\t\t\t\t\t<div class=\"elementor-element elementor-element-dbadc06 elementor-widget elementor-widget-image\" data-id=\"dbadc06\" data-element_type=\"widget\" data-widget_type=\"image.default\">\n\t\t\t\t<div class=\"elementor-widget-container\">\n\t\t\t\t\t\t\t\t\t\t\t\t\t<img fetchpriority=\"high\" width=\"637\" height=\"242\" src=\"https:\/\/praxis-wolfganghaas.de\/wp-content\/uploads\/2022\/03\/Unbenannt.png\" class=\"attachment-large size-large wp-image-2594\" alt=\"\" srcset=\"https:\/\/praxis-wolfganghaas.de\/wp-content\/uploads\/2022\/03\/Unbenannt.png 637w, https:\/\/praxis-wolfganghaas.de\/wp-content\/uploads\/2022\/03\/Unbenannt-300x114.png 300w\" sizes=\"(max-width: 637px) 100vw, 637px\" \/>\t\t\t\t\t\t\t\t\t\t\t\t\t<\/div>\n\t\t\t\t<\/div>\n\t\t\t\t<div class=\"elementor-element elementor-element-d5122fe elementor-widget elementor-widget-image\" data-id=\"d5122fe\" data-element_type=\"widget\" data-widget_type=\"image.default\">\n\t\t\t\t<div class=\"elementor-widget-container\">\n\t\t\t\t\t\t\t\t\t\t\t\t\t<img width=\"634\" height=\"237\" src=\"https:\/\/praxis-wolfganghaas.de\/wp-content\/uploads\/2022\/03\/Unbenannt-1.png\" class=\"attachment-large size-large wp-image-2596\" alt=\"\" srcset=\"https:\/\/praxis-wolfganghaas.de\/wp-content\/uploads\/2022\/03\/Unbenannt-1.png 634w, https:\/\/praxis-wolfganghaas.de\/wp-content\/uploads\/2022\/03\/Unbenannt-1-300x112.png 300w\" sizes=\"(max-width: 634px) 100vw, 634px\" \/>\t\t\t\t\t\t\t\t\t\t\t\t\t<\/div>\n\t\t\t\t<\/div>\n\t\t\t\t\t<\/div>\n\t\t<\/div>\n\t\t\t\t\t<\/div>\n\t\t<\/section>\n\t\t\t\t\t<\/div>\n\t\t<\/div>\n\t\t\t\t\t<\/div>\n\t\t<\/section>\n\t\t\t\t<section class=\"elementor-section elementor-top-section elementor-element elementor-element-0e3aa29 elementor-section-boxed elementor-section-height-default elementor-section-height-default\" data-id=\"0e3aa29\" data-element_type=\"section\">\n\t\t\t\t\t\t<div class=\"elementor-container elementor-column-gap-default\">\n\t\t\t\t\t<div class=\"elementor-column elementor-col-100 elementor-top-column elementor-element elementor-element-4d578c7\" data-id=\"4d578c7\" data-element_type=\"column\">\n\t\t\t<div class=\"elementor-widget-wrap elementor-element-populated\">\n\t\t\t\t\t\t<div class=\"elementor-element elementor-element-65cf97c elementor-widget elementor-widget-icon-box\" data-id=\"65cf97c\" data-element_type=\"widget\" data-widget_type=\"icon-box.default\">\n\t\t\t\t<div class=\"elementor-widget-container\">\n\t\t\t\t\t<div class=\"elementor-icon-box-wrapper\">\n\n\t\t\t\n\t\t\t\t\t\t<div class=\"elementor-icon-box-content\">\n\n\t\t\t\t\t\t\t\t\t<h3 class=\"elementor-icon-box-title\">\n\t\t\t\t\t\t<a href=\"https:\/\/menschundnatur-gbr.de\" >\n\t\t\t\t\t\t\tDetails zu meinen Aus- und Fortbildungenbildungen, <br>Seminaren und Vortr\u00e4ge auf der Webseite des Instituts Mensch&amp;Natur<br>\n\t\t\t\t\t\t<\/a>\n\t\t\t\t\t<\/h3>\n\t\t\t\t\n\t\t\t\t\t\t\t\t\t<p class=\"elementor-icon-box-description\">\n\t\t\t\t\t\t\n\n\t\t\t\t\t<\/p>\n\t\t\t\t\n\t\t\t<\/div>\n\t\t\t\n\t\t<\/div>\n\t\t\t\t<\/div>\n\t\t\t\t<\/div>\n\t\t\t\t<div class=\"elementor-element elementor-element-cc887bc elementor-align-center elementor-widget elementor-widget-button\" data-id=\"cc887bc\" data-element_type=\"widget\" data-widget_type=\"button.default\">\n\t\t\t\t<div class=\"elementor-widget-container\">\n\t\t\t\t\t<div class=\"elementor-button-wrapper\">\n\t\t\t<a class=\"elementor-button elementor-button-link elementor-size-sm\" href=\"https:\/\/menschundnatur-gbr.de\/\">\n\t\t\t\t\t\t<span class=\"elementor-button-content-wrapper\">\n\t\t\t\t\t\t\t\t\t<span class=\"elementor-button-text\">Zur Webseite Institut Mensch&Natur hier klicken<\/span>\n\t\t\t\t\t<\/span>\n\t\t\t\t\t<\/a>\n\t\t<\/div>\n\t\t\t\t<\/div>\n\t\t\t\t<\/div>\n\t\t\t\t\t<\/div>\n\t\t<\/div>\n\t\t\t\t\t<\/div>\n\t\t<\/section>\n\t\t\t\t<section class=\"elementor-section elementor-top-section elementor-element elementor-element-254e8ea elementor-section-boxed elementor-section-height-default elementor-section-height-default\" data-id=\"254e8ea\" data-element_type=\"section\">\n\t\t\t\t\t\t<div class=\"elementor-container elementor-column-gap-default\">\n\t\t\t\t\t<div class=\"elementor-column elementor-col-100 elementor-top-column elementor-element elementor-element-a8f9bfe\" data-id=\"a8f9bfe\" data-element_type=\"column\">\n\t\t\t<div class=\"elementor-widget-wrap elementor-element-populated\">\n\t\t\t\t\t\t\t<\/div>\n\t\t<\/div>\n\t\t\t\t\t<\/div>\n\t\t<\/section>\n\t\t\t\t<section class=\"elementor-section elementor-top-section elementor-element elementor-element-ea5f1f2 elementor-section-boxed elementor-section-height-default elementor-section-height-default\" data-id=\"ea5f1f2\" data-element_type=\"section\">\n\t\t\t\t\t\t<div class=\"elementor-container elementor-column-gap-default\">\n\t\t\t\t\t<div class=\"elementor-column elementor-col-100 elementor-top-column elementor-element elementor-element-8e4467a\" data-id=\"8e4467a\" data-element_type=\"column\">\n\t\t\t<div class=\"elementor-widget-wrap\">\n\t\t\t\t\t\t\t<\/div>\n\t\t<\/div>\n\t\t\t\t\t<\/div>\n\t\t<\/section>\n\t\t\t\t<\/div>\n\t\t","protected":false},"excerpt":{"rendered":"<p>Mein Veranstaltungskalender (Ausbildungen, Fortbildungen, Seminare) Aktuelle Termine &amp; Themen Hier ein \u00dcberblick \u00fcber Fortbildungen, Ausbildungen und Seminare, die ich w\u00e4hrend des Jahres rund um die Themen Magen-Darm-Heilkunde, Ern\u00e4hrungsberatung, Stoffwechselgesundheit, professionelle Darmsanierung und Fasten anbiete. Anmelden k\u00f6nnen Sie sich an den jeweiligen Veranstaltungsorten z.B. an der Sebastian-Kneipp-Akademie in W\u00f6rishofen. Die Veranstaltungen sind offen f\u00fcr Fachpersonal und &hellip;<\/p>\n<p class=\"read-more\"> <a class=\"\" href=\"https:\/\/praxis-wolfganghaas.de\/?page_id=11\"> <span class=\"screen-reader-text\">Seminare &#038; Termine<\/span> Weiterlesen &raquo;<\/a><\/p>\n","protected":false},"author":1,"featured_media":0,"parent":0,"menu_order":0,"comment_status":"closed","ping_status":"closed","template":"","meta":{"site-sidebar-layout":"default","site-content-layout":"default","ast-global-header-display":"","ast-main-header-display":"","ast-hfb-above-header-display":"","ast-hfb-below-header-display":"","ast-hfb-mobile-header-display":"","site-post-title":"disabled","ast-breadcrumbs-content":"","ast-featured-img":"","footer-sml-layout":"","theme-transparent-header-meta":"default","adv-header-id-meta":"","stick-header-meta":"","header-above-stick-meta":"","header-main-stick-meta":"","header-below-stick-meta":""},"_links":{"self":[{"href":"https:\/\/praxis-wolfganghaas.de\/index.php?rest_route=\/wp\/v2\/pages\/11"}],"collection":[{"href":"https:\/\/praxis-wolfganghaas.de\/index.php?rest_route=\/wp\/v2\/pages"}],"about":[{"href":"https:\/\/praxis-wolfganghaas.de\/index.php?rest_route=\/wp\/v2\/types\/page"}],"author":[{"embeddable":true,"href":"https:\/\/praxis-wolfganghaas.de\/index.php?rest_route=\/wp\/v2\/users\/1"}],"replies":[{"embeddable":true,"href":"https:\/\/praxis-wolfganghaas.de\/index.php?rest_route=%2Fwp%2Fv2%2Fcomments&post=11"}],"version-history":[{"count":235,"href":"https:\/\/praxis-wolfganghaas.de\/index.php?rest_route=\/wp\/v2\/pages\/11\/revisions"}],"predecessor-version":[{"id":3004,"href":"https:\/\/praxis-wolfganghaas.de\/index.php?rest_route=\/wp\/v2\/pages\/11\/revisions\/3004"}],"wp:attachment":[{"href":"https:\/\/praxis-wolfganghaas.de\/index.php?rest_route=%2Fwp%2Fv2%2Fmedia&parent=11"}],"curies":[{"name":"wp","href":"https:\/\/api.w.org\/{rel}","templated":true}]}}